{"id":4309,"date":"2020-06-04T10:46:07","date_gmt":"2020-06-04T08:46:07","guid":{"rendered":"https:\/\/www.europe-hotels.org\/?page_id=4309"},"modified":"2025-06-23T11:49:43","modified_gmt":"2025-06-23T09:49:43","slug":"nosotros","status":"publish","type":"page","link":"https:\/\/www.europe-hotels.org\/pt\/nosotros\/","title":{"rendered":"Nosotros"},"content":{"rendered":"<div data-elementor-type=\"wp-page\" data-elementor-id=\"4309\" class=\"elementor elementor-4309\" data-elementor-post-type=\"page\">\n\t\t\t\t<div class=\"elementor-element elementor-element-9beb026 e-con-full e-flex e-con e-parent\" data-id=\"9beb026\" data-element_type=\"container\" data-e-type=\"container\" data-settings=\"{&quot;background_background&quot;:&quot;classic&quot;,&quot;jet_parallax_layout_list&quot;:[]}\">\n\t\t\t\t<div class=\"elementor-element elementor-element-7dee5c6 elementor-widget elementor-widget-heading\" data-id=\"7dee5c6\" data-element_type=\"widget\" data-e-type=\"widget\" data-widget_type=\"heading.default\">\n\t\t\t\t<div class=\"elementor-widget-container\">\n\t\t\t\t\t<h2 class=\"elementor-heading-title elementor-size-default\">Europe Hotels Internacional\n\n<br>Nuestra Historia<\/h2>\t\t\t\t<\/div>\n\t\t\t\t<\/div>\n\t\t\t\t<\/div>\n\t\t<div class=\"elementor-element elementor-element-c1e3de0 e-flex e-con-boxed e-con e-parent\" data-id=\"c1e3de0\" data-element_type=\"container\" data-e-type=\"container\" data-settings=\"{&quot;jet_parallax_layout_list&quot;:[]}\">\n\t\t\t\t\t<div class=\"e-con-inner\">\n\t\t<div class=\"elementor-element elementor-element-8b8fd12 e-con-full e-flex e-con e-child\" data-id=\"8b8fd12\" data-element_type=\"container\" data-e-type=\"container\" data-settings=\"{&quot;jet_parallax_layout_list&quot;:[]}\">\n\t\t\t\t<div class=\"elementor-element elementor-element-f30603b elementor-widget elementor-widget-heading\" data-id=\"f30603b\" data-element_type=\"widget\" data-e-type=\"widget\" data-widget_type=\"heading.default\">\n\t\t\t\t<div class=\"elementor-widget-container\">\n\t\t\t\t\t<h2 class=\"elementor-heading-title elementor-size-default\">Desde nuestros inicios hasta hoy: Un legado de pasi\u00f3n por la hospitalidad<\/h2>\t\t\t\t<\/div>\n\t\t\t\t<\/div>\n\t\t\t\t<div class=\"elementor-element elementor-element-d4e36ac elementor-widget elementor-widget-text-editor\" data-id=\"d4e36ac\" data-element_type=\"widget\" data-e-type=\"widget\" data-widget_type=\"text-editor.default\">\n\t\t\t\t<div class=\"elementor-widget-container\">\n\t\t\t\t\t\t\t\t\t<p class=\"translation-block\">La cadena hotelera familiar denominada <strong>Europe Hotels Internacional Tenerife S.L.<\/strong> tuvo su origen en noviembre de 1973 con \u201cEurope Hotel Tenerife\u201d, habiendo sido, en su d\u00eda, el tercer hotel en Playa de Las Am\u00e9ricas, Tenerife, Canarias.<\/p><p>Fue un negocio pionero que, tras varias generaciones, a\u00fan mantiene su valor fundamental y legado de brindar recuerdos y bienestar en la experiencia de sus clientes. C\u00f3mo dec\u00eda Charles Spurgeon \u00abNo es lo que poseemos, sino de lo que disfrutamos lo que hace la felicidad\u00bb.<\/p><p class=\"translation-block\">Europe Hotels International se encuentra a la vanguardia de la diversificaci\u00f3n al ofrecer <strong>7 gamas de hoteles<\/strong> de conceptos de alojamiento diferentes con sedes en M\u00fanich, Berl\u00edn, Lisboa, Tenerife y Mallorca:<\/p><p class=\"translation-block\">\u00b7 Para disfrutar de los mejores destinos de <em>playa<\/em> en Espa\u00f1a, el grupo posee diversos Hoteles, Resorts, Apartamentos y Villas en las Islas Canarias e Islas Baleares.<\/p><p class=\"translation-block\">\u00b7 Para los amantes <em>del lujo en Tenerife y alta gastronom\u00eda, <\/em>puede encontrar dicha opci\u00f3n.<\/p><p class=\"translation-block\">\u00b7 Para los amantes de la <em>ciudad o viajes de negocio<\/em>, las principales ciudades alemanas y Lisboa son su destino.<\/p><p class=\"translation-block\">El <strong>compromiso y la persistencia<\/strong> son dos pilares fundamentales que esta empresa familiar preserva continuamente para seguir creciendo y brindar a sus clientes una experiencia inolvidable.<\/p>\t\t\t\t\t\t\t\t<\/div>\n\t\t\t\t<\/div>\n\t\t\t\t<\/div>\n\t\t<div class=\"elementor-element elementor-element-176390b e-con-full e-flex e-con e-child\" data-id=\"176390b\" data-element_type=\"container\" data-e-type=\"container\" data-settings=\"{&quot;jet_parallax_layout_list&quot;:[]}\">\n\t\t\t\t<div class=\"elementor-element elementor-element-d6ca6b4 elementor-widget elementor-widget-image\" data-id=\"d6ca6b4\" data-element_type=\"widget\" data-e-type=\"widget\" data-widget_type=\"image.default\">\n\t\t\t\t<div class=\"elementor-widget-container\">\n\t\t\t\t\t\t\t\t\t\t\t\t\t\t\t<img fetchpriority=\"high\" decoding=\"async\" width=\"1000\" height=\"666\" src=\"https:\/\/www.europe-hotels.org\/wp-content\/uploads\/2023\/12\/europe-hotels-inicios-2.jpg\" class=\"attachment-large size-large wp-image-23045\" alt=\"\" srcset=\"https:\/\/www.europe-hotels.org\/wp-content\/uploads\/2023\/12\/europe-hotels-inicios-2.jpg 1000w, https:\/\/www.europe-hotels.org\/wp-content\/uploads\/2023\/12\/europe-hotels-inicios-2-300x200.jpg 300w, https:\/\/www.europe-hotels.org\/wp-content\/uploads\/2023\/12\/europe-hotels-inicios-2-768x511.jpg 768w\" sizes=\"(max-width: 1000px) 100vw, 1000px\" \/>\t\t\t\t\t\t\t\t\t\t\t\t\t\t\t<\/div>\n\t\t\t\t<\/div>\n\t\t\t\t<div class=\"elementor-element elementor-element-901964b elementor-widget elementor-widget-image\" data-id=\"901964b\" data-element_type=\"widget\" data-e-type=\"widget\" data-widget_type=\"image.default\">\n\t\t\t\t<div class=\"elementor-widget-container\">\n\t\t\t\t\t\t\t\t\t\t\t\t\t\t\t<img decoding=\"async\" width=\"1000\" height=\"666\" src=\"https:\/\/www.europe-hotels.org\/wp-content\/uploads\/2023\/12\/europe-hotels-inicios.jpg\" class=\"attachment-large size-large wp-image-23048\" alt=\"\" srcset=\"https:\/\/www.europe-hotels.org\/wp-content\/uploads\/2023\/12\/europe-hotels-inicios.jpg 1000w, https:\/\/www.europe-hotels.org\/wp-content\/uploads\/2023\/12\/europe-hotels-inicios-300x200.jpg 300w, https:\/\/www.europe-hotels.org\/wp-content\/uploads\/2023\/12\/europe-hotels-inicios-768x511.jpg 768w\" sizes=\"(max-width: 1000px) 100vw, 1000px\" \/>\t\t\t\t\t\t\t\t\t\t\t\t\t\t\t<\/div>\n\t\t\t\t<\/div>\n\t\t\t\t<\/div>\n\t\t\t\t\t<\/div>\n\t\t\t\t<\/div>\n\t\t\t\t<\/div>","protected":false},"excerpt":{"rendered":"<p>Europe Hotels Internacional Nuestra Historia Desde nuestros inicios hasta hoy: Un legado de pasi\u00f3n por la hospitalidad La cadena hotelera familiar denominada Europe Hotels Internacional Tenerife S.L. tuvo su origen en noviembre de 1973 con \u201cEurope Hotel Tenerife\u201d, habiendo sido, en su d\u00eda, el tercer hotel en Playa de Las Am\u00e9ricas, Tenerife, Canarias. Fue un [&hellip;]<\/p>\n","protected":false},"author":7,"featured_media":0,"parent":0,"menu_order":0,"comment_status":"closed","ping_status":"closed","template":"elementor_header_footer","meta":{"site-sidebar-layout":"default","site-content-layout":"","ast-site-content-layout":"default","site-content-style":"default","site-sidebar-style":"default","ast-global-header-display":"","ast-banner-title-visibility":"","ast-main-header-display":"","ast-hfb-above-header-display":"","ast-hfb-below-header-display":"","ast-hfb-mobile-header-display":"","site-post-title":"","ast-breadcrumbs-content":"","ast-featured-img":"","footer-sml-layout":"","ast-disable-related-posts":"","theme-transparent-header-meta":"enabled","adv-header-id-meta":"","stick-header-meta":"","header-above-stick-meta":"","header-main-stick-meta":"","header-below-stick-meta":"","astra-migrate-meta-layouts":"default","ast-page-background-enabled":"default","ast-page-background-meta":{"desktop":{"background-color":"var(--ast-global-color-4)","background-image":"","background-repeat":"repeat","background-position":"center center","background-size":"auto","background-attachment":"scroll","background-type":"","background-media":"","overlay-type":"","overlay-color":"","overlay-opacity":"","overlay-gradient":""},"tablet":{"background-color":"","background-image":"","background-repeat":"repeat","background-position":"center center","background-size":"auto","background-attachment":"scroll","background-type":"","background-media":"","overlay-type":"","overlay-color":"","overlay-opacity":"","overlay-gradient":""},"mobile":{"background-color":"","background-image":"","background-repeat":"repeat","background-position":"center center","background-size":"auto","background-attachment":"scroll","background-type":"","background-media":"","overlay-type":"","overlay-color":"","overlay-opacity":"","overlay-gradient":""}},"ast-content-background-meta":{"desktop":{"background-color":"var(--ast-global-color-5)","background-image":"","background-repeat":"repeat","background-position":"center center","background-size":"auto","background-attachment":"scroll","background-type":"","background-media":"","overlay-type":"","overlay-color":"","overlay-opacity":"","overlay-gradient":""},"tablet":{"background-color":"var(--ast-global-color-5)","background-image":"","background-repeat":"repeat","background-position":"center center","background-size":"auto","background-attachment":"scroll","background-type":"","background-media":"","overlay-type":"","overlay-color":"","overlay-opacity":"","overlay-gradient":""},"mobile":{"background-color":"var(--ast-global-color-5)","background-image":"","background-repeat":"repeat","background-position":"center center","background-size":"auto","background-attachment":"scroll","background-type":"","background-media":"","overlay-type":"","overlay-color":"","overlay-opacity":"","overlay-gradient":""}},"_jet_sm_ready_style":"","_jet_sm_style":"","_jet_sm_controls_values":"","_jet_sm_fonts_collection":"","_jet_sm_fonts_links":"","footnotes":""},"class_list":["post-4309","page","type-page","status-publish","hentry"],"yoast_head":"<!-- This site is optimized with the Yoast SEO plugin v27.4 - https:\/\/yoast.com\/product\/yoast-seo-wordpress\/ -->\n<title>Nuestra historia - Europe Hotels<\/title>\n<meta name=\"robots\" content=\"index, follow, max-snippet:-1, max-image-preview:large, max-video-preview:-1\" \/>\n<link rel=\"canonical\" href=\"https:\/\/www.europe-hotels.org\/pt\/nosotros\/\" \/>\n<meta property=\"og:locale\" content=\"pt_PT\" \/>\n<meta property=\"og:type\" content=\"article\" \/>\n<meta property=\"og:title\" content=\"Nuestra historia - Europe Hotels\" \/>\n<meta property=\"og:description\" content=\"Europe Hotels Internacional Nuestra Historia Desde nuestros inicios hasta hoy: Un legado de pasi\u00f3n por la hospitalidad La cadena hotelera familiar denominada Europe Hotels Internacional Tenerife S.L. tuvo su origen en noviembre de 1973 con \u201cEurope Hotel Tenerife\u201d, habiendo sido, en su d\u00eda, el tercer hotel en Playa de Las Am\u00e9ricas, Tenerife, Canarias. Fue un [&hellip;]\" \/>\n<meta property=\"og:url\" content=\"https:\/\/www.europe-hotels.org\/pt\/nosotros\/\" \/>\n<meta property=\"og:site_name\" content=\"Europe-Hotels\" \/>\n<meta property=\"article:modified_time\" content=\"2025-06-23T09:49:43+00:00\" \/>\n<meta property=\"og:image\" content=\"https:\/\/europe-hotels.org\/wp-content\/uploads\/2023\/12\/europe-hotels-inicios-2.jpg\" \/>\n<meta name=\"twitter:card\" content=\"summary_large_image\" \/>\n<script type=\"application\/ld+json\" class=\"yoast-schema-graph\">{\"@context\":\"https:\\\/\\\/schema.org\",\"@graph\":[{\"@type\":\"WebPage\",\"@id\":\"https:\\\/\\\/www.europe-hotels.org\\\/nosotros\\\/\",\"url\":\"https:\\\/\\\/www.europe-hotels.org\\\/nosotros\\\/\",\"name\":\"Nuestra historia - Europe Hotels\",\"isPartOf\":{\"@id\":\"https:\\\/\\\/www.europe-hotels.org\\\/#website\"},\"primaryImageOfPage\":{\"@id\":\"https:\\\/\\\/www.europe-hotels.org\\\/nosotros\\\/#primaryimage\"},\"image\":{\"@id\":\"https:\\\/\\\/www.europe-hotels.org\\\/nosotros\\\/#primaryimage\"},\"thumbnailUrl\":\"https:\\\/\\\/europe-hotels.org\\\/wp-content\\\/uploads\\\/2023\\\/12\\\/europe-hotels-inicios-2.jpg\",\"datePublished\":\"2020-06-04T08:46:07+00:00\",\"dateModified\":\"2025-06-23T09:49:43+00:00\",\"breadcrumb\":{\"@id\":\"https:\\\/\\\/www.europe-hotels.org\\\/nosotros\\\/#breadcrumb\"},\"inLanguage\":\"pt-PT\",\"potentialAction\":[{\"@type\":\"ReadAction\",\"target\":[\"https:\\\/\\\/www.europe-hotels.org\\\/nosotros\\\/\"]}]},{\"@type\":\"ImageObject\",\"inLanguage\":\"pt-PT\",\"@id\":\"https:\\\/\\\/www.europe-hotels.org\\\/nosotros\\\/#primaryimage\",\"url\":\"https:\\\/\\\/europe-hotels.org\\\/wp-content\\\/uploads\\\/2023\\\/12\\\/europe-hotels-inicios-2.jpg\",\"contentUrl\":\"https:\\\/\\\/europe-hotels.org\\\/wp-content\\\/uploads\\\/2023\\\/12\\\/europe-hotels-inicios-2.jpg\"},{\"@type\":\"BreadcrumbList\",\"@id\":\"https:\\\/\\\/www.europe-hotels.org\\\/nosotros\\\/#breadcrumb\",\"itemListElement\":[{\"@type\":\"ListItem\",\"position\":1,\"name\":\"Portada\",\"item\":\"https:\\\/\\\/www.europe-hotels.org\\\/\"},{\"@type\":\"ListItem\",\"position\":2,\"name\":\"Nosotros\"}]},{\"@type\":\"WebSite\",\"@id\":\"https:\\\/\\\/www.europe-hotels.org\\\/#website\",\"url\":\"https:\\\/\\\/www.europe-hotels.org\\\/\",\"name\":\"Europe-Hotels\",\"description\":\"Europe Hotels\",\"publisher\":{\"@id\":\"https:\\\/\\\/www.europe-hotels.org\\\/#organization\"},\"potentialAction\":[{\"@type\":\"SearchAction\",\"target\":{\"@type\":\"EntryPoint\",\"urlTemplate\":\"https:\\\/\\\/www.europe-hotels.org\\\/?s={search_term_string}\"},\"query-input\":{\"@type\":\"PropertyValueSpecification\",\"valueRequired\":true,\"valueName\":\"search_term_string\"}}],\"inLanguage\":\"pt-PT\"},{\"@type\":\"Organization\",\"@id\":\"https:\\\/\\\/www.europe-hotels.org\\\/#organization\",\"name\":\"Europe-Hotels\",\"url\":\"https:\\\/\\\/www.europe-hotels.org\\\/\",\"logo\":{\"@type\":\"ImageObject\",\"inLanguage\":\"pt-PT\",\"@id\":\"https:\\\/\\\/www.europe-hotels.org\\\/#\\\/schema\\\/logo\\\/image\\\/\",\"url\":\"https:\\\/\\\/www.europe-hotels.org\\\/wp-content\\\/uploads\\\/2023\\\/11\\\/LOGO_EUROPE_CORPORATE-300x65-1.png\",\"contentUrl\":\"https:\\\/\\\/www.europe-hotels.org\\\/wp-content\\\/uploads\\\/2023\\\/11\\\/LOGO_EUROPE_CORPORATE-300x65-1.png\",\"width\":300,\"height\":65,\"caption\":\"Europe-Hotels\"},\"image\":{\"@id\":\"https:\\\/\\\/www.europe-hotels.org\\\/#\\\/schema\\\/logo\\\/image\\\/\"}}]}<\/script>\n<!-- \/ Yoast SEO plugin. -->","yoast_head_json":{"title":"Nuestra historia - Europe Hotels","robots":{"index":"index","follow":"follow","max-snippet":"max-snippet:-1","max-image-preview":"max-image-preview:large","max-video-preview":"max-video-preview:-1"},"canonical":"https:\/\/www.europe-hotels.org\/pt\/nosotros\/","og_locale":"pt_PT","og_type":"article","og_title":"Nuestra historia - Europe Hotels","og_description":"Europe Hotels Internacional Nuestra Historia Desde nuestros inicios hasta hoy: Un legado de pasi\u00f3n por la hospitalidad La cadena hotelera familiar denominada Europe Hotels Internacional Tenerife S.L. tuvo su origen en noviembre de 1973 con \u201cEurope Hotel Tenerife\u201d, habiendo sido, en su d\u00eda, el tercer hotel en Playa de Las Am\u00e9ricas, Tenerife, Canarias. Fue un [&hellip;]","og_url":"https:\/\/www.europe-hotels.org\/pt\/nosotros\/","og_site_name":"Europe-Hotels","article_modified_time":"2025-06-23T09:49:43+00:00","og_image":[{"url":"https:\/\/europe-hotels.org\/wp-content\/uploads\/2023\/12\/europe-hotels-inicios-2.jpg","type":"","width":"","height":""}],"twitter_card":"summary_large_image","schema":{"@context":"https:\/\/schema.org","@graph":[{"@type":"WebPage","@id":"https:\/\/www.europe-hotels.org\/nosotros\/","url":"https:\/\/www.europe-hotels.org\/nosotros\/","name":"Nuestra historia - Europe Hotels","isPartOf":{"@id":"https:\/\/www.europe-hotels.org\/#website"},"primaryImageOfPage":{"@id":"https:\/\/www.europe-hotels.org\/nosotros\/#primaryimage"},"image":{"@id":"https:\/\/www.europe-hotels.org\/nosotros\/#primaryimage"},"thumbnailUrl":"https:\/\/europe-hotels.org\/wp-content\/uploads\/2023\/12\/europe-hotels-inicios-2.jpg","datePublished":"2020-06-04T08:46:07+00:00","dateModified":"2025-06-23T09:49:43+00:00","breadcrumb":{"@id":"https:\/\/www.europe-hotels.org\/nosotros\/#breadcrumb"},"inLanguage":"pt-PT","potentialAction":[{"@type":"ReadAction","target":["https:\/\/www.europe-hotels.org\/nosotros\/"]}]},{"@type":"ImageObject","inLanguage":"pt-PT","@id":"https:\/\/www.europe-hotels.org\/nosotros\/#primaryimage","url":"https:\/\/europe-hotels.org\/wp-content\/uploads\/2023\/12\/europe-hotels-inicios-2.jpg","contentUrl":"https:\/\/europe-hotels.org\/wp-content\/uploads\/2023\/12\/europe-hotels-inicios-2.jpg"},{"@type":"BreadcrumbList","@id":"https:\/\/www.europe-hotels.org\/nosotros\/#breadcrumb","itemListElement":[{"@type":"ListItem","position":1,"name":"Portada","item":"https:\/\/www.europe-hotels.org\/"},{"@type":"ListItem","position":2,"name":"Nosotros"}]},{"@type":"WebSite","@id":"https:\/\/www.europe-hotels.org\/#website","url":"https:\/\/www.europe-hotels.org\/","name":"Europe-Hotels","description":"Europe Hotels","publisher":{"@id":"https:\/\/www.europe-hotels.org\/#organization"},"potentialAction":[{"@type":"SearchAction","target":{"@type":"EntryPoint","urlTemplate":"https:\/\/www.europe-hotels.org\/?s={search_term_string}"},"query-input":{"@type":"PropertyValueSpecification","valueRequired":true,"valueName":"search_term_string"}}],"inLanguage":"pt-PT"},{"@type":"Organization","@id":"https:\/\/www.europe-hotels.org\/#organization","name":"Europe-Hotels","url":"https:\/\/www.europe-hotels.org\/","logo":{"@type":"ImageObject","inLanguage":"pt-PT","@id":"https:\/\/www.europe-hotels.org\/#\/schema\/logo\/image\/","url":"https:\/\/www.europe-hotels.org\/wp-content\/uploads\/2023\/11\/LOGO_EUROPE_CORPORATE-300x65-1.png","contentUrl":"https:\/\/www.europe-hotels.org\/wp-content\/uploads\/2023\/11\/LOGO_EUROPE_CORPORATE-300x65-1.png","width":300,"height":65,"caption":"Europe-Hotels"},"image":{"@id":"https:\/\/www.europe-hotels.org\/#\/schema\/logo\/image\/"}}]}},"_links":{"self":[{"href":"https:\/\/www.europe-hotels.org\/pt\/wp-json\/wp\/v2\/pages\/4309","targetHints":{"allow":["GET"]}}],"collection":[{"href":"https:\/\/www.europe-hotels.org\/pt\/wp-json\/wp\/v2\/pages"}],"about":[{"href":"https:\/\/www.europe-hotels.org\/pt\/wp-json\/wp\/v2\/types\/page"}],"author":[{"embeddable":true,"href":"https:\/\/www.europe-hotels.org\/pt\/wp-json\/wp\/v2\/users\/7"}],"replies":[{"embeddable":true,"href":"https:\/\/www.europe-hotels.org\/pt\/wp-json\/wp\/v2\/comments?post=4309"}],"version-history":[{"count":0,"href":"https:\/\/www.europe-hotels.org\/pt\/wp-json\/wp\/v2\/pages\/4309\/revisions"}],"wp:attachment":[{"href":"https:\/\/www.europe-hotels.org\/pt\/wp-json\/wp\/v2\/media?parent=4309"}],"curies":[{"name":"wp","href":"https:\/\/api.w.org\/{rel}","templated":true}]}}