{"id":12638,"date":"2023-11-27T10:21:45","date_gmt":"2023-11-27T09:21:45","guid":{"rendered":"https:\/\/staging.europe-hotels.org\/?page_id=12638"},"modified":"2025-12-05T14:43:59","modified_gmt":"2025-12-05T13:43:59","slug":"portal-de-denuncias","status":"publish","type":"page","link":"https:\/\/www.europe-hotels.org\/de\/portal-de-denuncias\/","title":{"rendered":"Beschwerdebereich"},"content":{"rendered":"<div data-elementor-type=\"wp-page\" data-elementor-id=\"12638\" class=\"elementor elementor-12638\" data-elementor-post-type=\"page\">\n\t\t\t\t<div class=\"elementor-element elementor-element-87047e4 e-flex e-con-boxed e-con e-parent\" data-id=\"87047e4\" data-element_type=\"container\" data-e-type=\"container\" data-settings=\"{&quot;jet_parallax_layout_list&quot;:[]}\">\n\t\t\t\t\t<div class=\"e-con-inner\">\n\t\t\t\t<div class=\"elementor-element elementor-element-a4f21e1 elementor-widget elementor-widget-heading\" data-id=\"a4f21e1\" data-element_type=\"widget\" data-e-type=\"widget\" data-widget_type=\"heading.default\">\n\t\t\t\t<div class=\"elementor-widget-container\">\n\t\t\t\t\t<h2 class=\"elementor-heading-title elementor-size-default\">Beschwerdebereich<\/h2>\t\t\t\t<\/div>\n\t\t\t\t<\/div>\n\t\t\t\t<div class=\"elementor-element elementor-element-10ecba6 elementor-widget elementor-widget-heading\" data-id=\"10ecba6\" data-element_type=\"widget\" data-e-type=\"widget\" data-widget_type=\"heading.default\">\n\t\t\t\t<div class=\"elementor-widget-container\">\n\t\t\t\t\t<h1 class=\"elementor-heading-title elementor-size-default\">Sistema interno de informaci\u00f3n<\/h1>\t\t\t\t<\/div>\n\t\t\t\t<\/div>\n\t\t\t\t<div class=\"elementor-element elementor-element-b549970 elementor-blockquote--skin-border elementor-widget elementor-widget-blockquote\" data-id=\"b549970\" data-element_type=\"widget\" data-e-type=\"widget\" data-widget_type=\"blockquote.default\">\n\t\t\t\t<div class=\"elementor-widget-container\">\n\t\t\t\t\t\t\t<blockquote class=\"elementor-blockquote\">\n\t\t\t<p class=\"elementor-blockquote__content\">\n\t\t\t\tEurope Hotels Internacional S.L. Tenerife, Av. Rafael puig, 36, 38650 Playa de Las Am\u00e9ricas\t\t\t<\/p>\n\t\t\t\t\t<\/blockquote>\n\t\t\t\t\t\t<\/div>\n\t\t\t\t<\/div>\n\t\t\t\t<div class=\"elementor-element elementor-element-2e5dd6f elementor-widget elementor-widget-text-editor\" data-id=\"2e5dd6f\" data-element_type=\"widget\" data-e-type=\"widget\" data-widget_type=\"text-editor.default\">\n\t\t\t\t<div class=\"elementor-widget-container\">\n\t\t\t\t\t\t\t\t\t<p>Europe Hotels Internacional S.L. Tenerife, en adelante, EUROPE HOTELS, en su p\u00fablico y manifiesto compromiso de adoptar una actitud proactiva para la detecci\u00f3n y actuaci\u00f3n de comportamientos o escenarios irregulares o il\u00edcitos que tengan lugar en el seno de la entidad, y cuya autor\u00eda puede corresponder a los\/las trabajadores\/as, directivos\/as y administradores\/as, como a terceras personas que tengan alg\u00fan tipo de relaci\u00f3n o vinculaci\u00f3n, desarrolla el presente CANAL \u00c9TICO \u00b7 DENUNCIAS (Sistema interno de informaci\u00f3n), como un canal de comunicaci\u00f3n\/herramienta efectiva, para que, a trav\u00e9s de la colaboraci\u00f3n de cualquier interesado\/a, se actue sobre aquellas irregularidades o incumplimientos que pudieran poner en riesgo el normal y correcto desarrollo de Europe Hotels Internacional S.L. Tenerife, a sus miembros, a todo aquel\/aquella con el que se relaciona y\/o cualquier otro grupo de inter\u00e9s, que de otro modo podr\u00edan pasar inadvertidas. Consecuentemente, su implantaci\u00f3n tiene como objetivo, constituir un mecanismo eficaz, de prevenci\u00f3n, detecci\u00f3n y\/o actuaci\u00f3n, cumpliendo con el C\u00f3digo \u00c9tico de la entidad, sus valores y responsabilidad, as\u00ed como, las obligaciones legales que son de aplicaci\u00f3n. Compromiso de Europe Hotels Internacional S.L. Tenerife. Nos comprometemos a consolidar un canal de comunicaci\u00f3n abierto y a total disposici\u00f3n, sin limitaci\u00f3n alguna, garantizando la m\u00e1xima confidencialidad, intimidad, ausencia de represalias y protecci\u00f3n de datos, de las comunicaciones recibidas.<\/p><p>Si desea realizar una denuncia\/comunicaci\u00f3n, deber\u00e1 utilizar las v\u00edas de contacto puestas a disposici\u00f3n:<\/p>\t\t\t\t\t\t\t\t<\/div>\n\t\t\t\t<\/div>\n\t\t\t\t\t<\/div>\n\t\t\t\t<\/div>\n\t\t<div class=\"elementor-element elementor-element-30f820b e-flex e-con-boxed e-con e-parent\" data-id=\"30f820b\" data-element_type=\"container\" data-e-type=\"container\" data-settings=\"{&quot;jet_parallax_layout_list&quot;:[]}\">\n\t\t\t\t\t<div class=\"e-con-inner\">\n\t\t<div class=\"elementor-element elementor-element-d153366 e-con-full e-flex e-con e-child\" data-id=\"d153366\" data-element_type=\"container\" data-e-type=\"container\" data-settings=\"{&quot;background_background&quot;:&quot;classic&quot;,&quot;jet_parallax_layout_list&quot;:[]}\">\n\t\t\t\t<div class=\"elementor-element elementor-element-e6ab201 elementor-widget elementor-widget-heading\" data-id=\"e6ab201\" data-element_type=\"widget\" data-e-type=\"widget\" data-widget_type=\"heading.default\">\n\t\t\t\t<div class=\"elementor-widget-container\">\n\t\t\t\t\t<h2 class=\"elementor-heading-title elementor-size-default\">PROTOCOLO<\/h2>\t\t\t\t<\/div>\n\t\t\t\t<\/div>\n\t\t\t\t<div class=\"elementor-element elementor-element-1c88241 elementor-widget elementor-widget-heading\" data-id=\"1c88241\" data-element_type=\"widget\" data-e-type=\"widget\" data-widget_type=\"heading.default\">\n\t\t\t\t<div class=\"elementor-widget-container\">\n\t\t\t\t\t<h2 class=\"elementor-heading-title elementor-size-default\">Pr\u00f3ximamente<\/h2>\t\t\t\t<\/div>\n\t\t\t\t<\/div>\n\t\t\t\t<\/div>\n\t\t<div class=\"elementor-element elementor-element-85c62ac e-con-full e-flex e-con e-child\" data-id=\"85c62ac\" data-element_type=\"container\" data-e-type=\"container\" data-settings=\"{&quot;background_background&quot;:&quot;classic&quot;,&quot;jet_parallax_layout_list&quot;:[]}\">\n\t\t\t\t<div class=\"elementor-element elementor-element-49e9327 elementor-widget elementor-widget-heading\" data-id=\"49e9327\" data-element_type=\"widget\" data-e-type=\"widget\" data-widget_type=\"heading.default\">\n\t\t\t\t<div class=\"elementor-widget-container\">\n\t\t\t\t\t<h2 class=\"elementor-heading-title elementor-size-default\">FORMULARIO ONLINE<br>\nDENUNCIA\/COMUNICACI\u00d3N<\/h2>\t\t\t\t<\/div>\n\t\t\t\t<\/div>\n\t\t\t\t<div class=\"elementor-element elementor-element-fc6779b elementor-align-center elementor-widget elementor-widget-button\" data-id=\"fc6779b\" data-element_type=\"widget\" data-e-type=\"widget\" data-widget_type=\"button.default\">\n\t\t\t\t<div class=\"elementor-widget-container\">\n\t\t\t\t\t\t\t\t\t<div class=\"elementor-button-wrapper\">\n\t\t\t\t\t<a class=\"elementor-button elementor-button-link elementor-size-sm\" href=\"https:\/\/www.europe-hotels.org\/de\/portal-de-denuncias\/formulario-online-de-denuncia-comunicacion\/\">\n\t\t\t\t\t\t<span class=\"elementor-button-content-wrapper\">\n\t\t\t\t\t\t\t\t\t<span class=\"elementor-button-text\">ACCEDER<\/span>\n\t\t\t\t\t<\/span>\n\t\t\t\t\t<\/a>\n\t\t\t\t<\/div>\n\t\t\t\t\t\t\t\t<\/div>\n\t\t\t\t<\/div>\n\t\t\t\t<\/div>\n\t\t<div class=\"elementor-element elementor-element-10169c8 e-con-full e-flex e-con e-child\" data-id=\"10169c8\" data-element_type=\"container\" data-e-type=\"container\" data-settings=\"{&quot;background_background&quot;:&quot;classic&quot;,&quot;jet_parallax_layout_list&quot;:[]}\">\n\t\t\t\t<div class=\"elementor-element elementor-element-9f32ec8 elementor-widget elementor-widget-heading\" data-id=\"9f32ec8\" data-element_type=\"widget\" data-e-type=\"widget\" data-widget_type=\"heading.default\">\n\t\t\t\t<div class=\"elementor-widget-container\">\n\t\t\t\t\t<h2 class=\"elementor-heading-title elementor-size-default\">DENUNCIA\/COMUNICACI\u00d3N TELEF\u00d3NICA<\/h2>\t\t\t\t<\/div>\n\t\t\t\t<\/div>\n\t\t\t\t<div class=\"elementor-element elementor-element-d854730 elementor-widget elementor-widget-text-editor\" data-id=\"d854730\" data-element_type=\"widget\" data-e-type=\"widget\" data-widget_type=\"text-editor.default\">\n\t\t\t\t<div class=\"elementor-widget-container\">\n\t\t\t\t\t\t\t\t\t<ul><li><strong>Direcci\u00f3n postal:<\/strong> Av. Antonio Dom\u00ednguez, 4, oficina n\u00ba 1 38660 Arona, Santa Cruz de Tenerife<\/li><li><strong>Tel\u00e9fono:<\/strong> <a href=\"tel:\/\/922%20757%20188\">922 757 188<\/a>\u00a0<\/li><li><strong>Horario:<\/strong> Lunes a viernes de 9h a 14h.<\/li><li><strong>Email:<\/strong> <a href=\"mailto:denuncias@europe-hotels.org\">denuncias@europe-hotels.org<\/a><\/li><\/ul>\t\t\t\t\t\t\t\t<\/div>\n\t\t\t\t<\/div>\n\t\t\t\t<\/div>\n\t\t\t\t\t<\/div>\n\t\t\t\t<\/div>\n\t\t<div class=\"elementor-element elementor-element-a10f0d9 e-flex e-con-boxed e-con e-parent\" data-id=\"a10f0d9\" data-element_type=\"container\" data-e-type=\"container\" data-settings=\"{&quot;jet_parallax_layout_list&quot;:[]}\">\n\t\t\t\t\t<div class=\"e-con-inner\">\n\t\t\t\t<div class=\"elementor-element elementor-element-7bf575d elementor-blockquote--skin-border elementor-widget elementor-widget-blockquote\" data-id=\"7bf575d\" data-element_type=\"widget\" data-e-type=\"widget\" data-widget_type=\"blockquote.default\">\n\t\t\t\t<div class=\"elementor-widget-container\">\n\t\t\t\t\t\t\t<blockquote class=\"elementor-blockquote\">\n\t\t\t<p class=\"elementor-blockquote__content\">\n\t\t\t\tTODAS LAS DENUNCIAS\/COMUNICACIONES RECIBIDAS, SER\u00c1N TRATADAS CON LA M\u00c1XIMA GARANT\u00cdA DE CONFIDENCIALIDAD Y PROTECCI\u00d3N\nEn caso de cualquier duda, aclaraci\u00f3n o necesidad de informaci\u00f3n adicional, le invitamos a dirigirse a la direcci\u00f3n de correo electr\u00f3nico: <a href=\"mailto:denuncias@europe-hotels.org\">denuncias@europe-hotels.org <\/a> El presente procedimiento no impide el derecho del\/la interesado\/a, a comunicar\/denunciar ante la jurisdicci\u00f3n civil, laboral o penal.\t\t\t<\/p>\n\t\t\t\t\t<\/blockquote>\n\t\t\t\t\t\t<\/div>\n\t\t\t\t<\/div>\n\t\t\t\t\t<\/div>\n\t\t\t\t<\/div>\n\t\t\t\t<\/div>","protected":false},"excerpt":{"rendered":"<p>Portal de denuncias Sistema interno de informaci\u00f3n Europe Hotels Internacional S.L. Tenerife, Av. Rafael puig, 36, 38650 Playa de Las Am\u00e9ricas Europe Hotels Internacional S.L. Tenerife, en adelante, EUROPE HOTELS, en su p\u00fablico y manifiesto compromiso de adoptar una actitud proactiva para la detecci\u00f3n y actuaci\u00f3n de comportamientos o escenarios irregulares o il\u00edcitos que tengan [&hellip;]<\/p>\n","protected":false},"author":9,"featured_media":0,"parent":0,"menu_order":0,"comment_status":"closed","ping_status":"closed","template":"elementor_header_footer","meta":{"site-sidebar-layout":"no-sidebar","site-content-layout":"","ast-site-content-layout":"full-width-container","site-content-style":"default","site-sidebar-style":"default","ast-global-header-display":"","ast-banner-title-visibility":"","ast-main-header-display":"","ast-hfb-above-header-display":"","ast-hfb-below-header-display":"","ast-hfb-mobile-header-display":"","site-post-title":"disabled","ast-breadcrumbs-content":"","ast-featured-img":"disabled","footer-sml-layout":"","ast-disable-related-posts":"","theme-transparent-header-meta":"","adv-header-id-meta":"","stick-header-meta":"","header-above-stick-meta":"","header-main-stick-meta":"","header-below-stick-meta":"","astra-migrate-meta-layouts":"default","ast-page-background-enabled":"default","ast-page-background-meta":{"desktop":{"background-color":"var(--ast-global-color-4)","background-image":"","background-repeat":"repeat","background-position":"center center","background-size":"auto","background-attachment":"scroll","background-type":"","background-media":"","overlay-type":"","overlay-color":"","overlay-opacity":"","overlay-gradient":""},"tablet":{"background-color":"","background-image":"","background-repeat":"repeat","background-position":"center center","background-size":"auto","background-attachment":"scroll","background-type":"","background-media":"","overlay-type":"","overlay-color":"","overlay-opacity":"","overlay-gradient":""},"mobile":{"background-color":"","background-image":"","background-repeat":"repeat","background-position":"center center","background-size":"auto","background-attachment":"scroll","background-type":"","background-media":"","overlay-type":"","overlay-color":"","overlay-opacity":"","overlay-gradient":""}},"ast-content-background-meta":{"desktop":{"background-color":"var(--ast-global-color-5)","background-image":"","background-repeat":"repeat","background-position":"center center","background-size":"auto","background-attachment":"scroll","background-type":"","background-media":"","overlay-type":"","overlay-color":"","overlay-opacity":"","overlay-gradient":""},"tablet":{"background-color":"var(--ast-global-color-5)","background-image":"","background-repeat":"repeat","background-position":"center center","background-size":"auto","background-attachment":"scroll","background-type":"","background-media":"","overlay-type":"","overlay-color":"","overlay-opacity":"","overlay-gradient":""},"mobile":{"background-color":"var(--ast-global-color-5)","background-image":"","background-repeat":"repeat","background-position":"center center","background-size":"auto","background-attachment":"scroll","background-type":"","background-media":"","overlay-type":"","overlay-color":"","overlay-opacity":"","overlay-gradient":""}},"_jet_sm_ready_style":"","_jet_sm_style":"","_jet_sm_controls_values":"","_jet_sm_fonts_collection":"","_jet_sm_fonts_links":"","footnotes":""},"class_list":["post-12638","page","type-page","status-publish","hentry"],"yoast_head":"<!-- This site is optimized with the Yoast SEO plugin v27.3 - https:\/\/yoast.com\/product\/yoast-seo-wordpress\/ -->\n<title>Portal de denuncias - Europe-Hotels<\/title>\n<meta name=\"robots\" content=\"index, follow, max-snippet:-1, max-image-preview:large, max-video-preview:-1\" \/>\n<link rel=\"canonical\" href=\"https:\/\/www.europe-hotels.org\/de\/portal-de-denuncias\/\" \/>\n<meta property=\"og:locale\" content=\"de_DE\" \/>\n<meta property=\"og:type\" content=\"article\" \/>\n<meta property=\"og:title\" content=\"Portal de denuncias - Europe-Hotels\" \/>\n<meta property=\"og:description\" content=\"Portal de denuncias Sistema interno de informaci\u00f3n Europe Hotels Internacional S.L. Tenerife, Av. Rafael puig, 36, 38650 Playa de Las Am\u00e9ricas Europe Hotels Internacional S.L. Tenerife, en adelante, EUROPE HOTELS, en su p\u00fablico y manifiesto compromiso de adoptar una actitud proactiva para la detecci\u00f3n y actuaci\u00f3n de comportamientos o escenarios irregulares o il\u00edcitos que tengan [&hellip;]\" \/>\n<meta property=\"og:url\" content=\"https:\/\/www.europe-hotels.org\/de\/portal-de-denuncias\/\" \/>\n<meta property=\"og:site_name\" content=\"Europe-Hotels\" \/>\n<meta property=\"article:modified_time\" content=\"2025-12-05T13:43:59+00:00\" \/>\n<meta name=\"twitter:card\" content=\"summary_large_image\" \/>\n<script type=\"application\/ld+json\" class=\"yoast-schema-graph\">{\"@context\":\"https:\\\/\\\/schema.org\",\"@graph\":[{\"@type\":\"WebPage\",\"@id\":\"https:\\\/\\\/www.europe-hotels.org\\\/portal-de-denuncias\\\/\",\"url\":\"https:\\\/\\\/www.europe-hotels.org\\\/portal-de-denuncias\\\/\",\"name\":\"Portal de denuncias - Europe-Hotels\",\"isPartOf\":{\"@id\":\"https:\\\/\\\/www.europe-hotels.org\\\/#website\"},\"datePublished\":\"2023-11-27T09:21:45+00:00\",\"dateModified\":\"2025-12-05T13:43:59+00:00\",\"breadcrumb\":{\"@id\":\"https:\\\/\\\/www.europe-hotels.org\\\/portal-de-denuncias\\\/#breadcrumb\"},\"inLanguage\":\"de\",\"potentialAction\":[{\"@type\":\"ReadAction\",\"target\":[\"https:\\\/\\\/www.europe-hotels.org\\\/portal-de-denuncias\\\/\"]}]},{\"@type\":\"BreadcrumbList\",\"@id\":\"https:\\\/\\\/www.europe-hotels.org\\\/portal-de-denuncias\\\/#breadcrumb\",\"itemListElement\":[{\"@type\":\"ListItem\",\"position\":1,\"name\":\"Portada\",\"item\":\"https:\\\/\\\/www.europe-hotels.org\\\/\"},{\"@type\":\"ListItem\",\"position\":2,\"name\":\"Portal de denuncias\"}]},{\"@type\":\"WebSite\",\"@id\":\"https:\\\/\\\/www.europe-hotels.org\\\/#website\",\"url\":\"https:\\\/\\\/www.europe-hotels.org\\\/\",\"name\":\"Europe-Hotels\",\"description\":\"Europe Hotels\",\"publisher\":{\"@id\":\"https:\\\/\\\/www.europe-hotels.org\\\/#organization\"},\"potentialAction\":[{\"@type\":\"SearchAction\",\"target\":{\"@type\":\"EntryPoint\",\"urlTemplate\":\"https:\\\/\\\/www.europe-hotels.org\\\/?s={search_term_string}\"},\"query-input\":{\"@type\":\"PropertyValueSpecification\",\"valueRequired\":true,\"valueName\":\"search_term_string\"}}],\"inLanguage\":\"de\"},{\"@type\":\"Organization\",\"@id\":\"https:\\\/\\\/www.europe-hotels.org\\\/#organization\",\"name\":\"Europe-Hotels\",\"url\":\"https:\\\/\\\/www.europe-hotels.org\\\/\",\"logo\":{\"@type\":\"ImageObject\",\"inLanguage\":\"de\",\"@id\":\"https:\\\/\\\/www.europe-hotels.org\\\/#\\\/schema\\\/logo\\\/image\\\/\",\"url\":\"https:\\\/\\\/www.europe-hotels.org\\\/wp-content\\\/uploads\\\/2023\\\/11\\\/LOGO_EUROPE_CORPORATE-300x65-1.png\",\"contentUrl\":\"https:\\\/\\\/www.europe-hotels.org\\\/wp-content\\\/uploads\\\/2023\\\/11\\\/LOGO_EUROPE_CORPORATE-300x65-1.png\",\"width\":300,\"height\":65,\"caption\":\"Europe-Hotels\"},\"image\":{\"@id\":\"https:\\\/\\\/www.europe-hotels.org\\\/#\\\/schema\\\/logo\\\/image\\\/\"}}]}<\/script>\n<!-- \/ Yoast SEO plugin. -->","yoast_head_json":{"title":"Portal de denuncias - Europe-Hotels","robots":{"index":"index","follow":"follow","max-snippet":"max-snippet:-1","max-image-preview":"max-image-preview:large","max-video-preview":"max-video-preview:-1"},"canonical":"https:\/\/www.europe-hotels.org\/de\/portal-de-denuncias\/","og_locale":"de_DE","og_type":"article","og_title":"Portal de denuncias - Europe-Hotels","og_description":"Portal de denuncias Sistema interno de informaci\u00f3n Europe Hotels Internacional S.L. Tenerife, Av. Rafael puig, 36, 38650 Playa de Las Am\u00e9ricas Europe Hotels Internacional S.L. Tenerife, en adelante, EUROPE HOTELS, en su p\u00fablico y manifiesto compromiso de adoptar una actitud proactiva para la detecci\u00f3n y actuaci\u00f3n de comportamientos o escenarios irregulares o il\u00edcitos que tengan [&hellip;]","og_url":"https:\/\/www.europe-hotels.org\/de\/portal-de-denuncias\/","og_site_name":"Europe-Hotels","article_modified_time":"2025-12-05T13:43:59+00:00","twitter_card":"summary_large_image","schema":{"@context":"https:\/\/schema.org","@graph":[{"@type":"WebPage","@id":"https:\/\/www.europe-hotels.org\/portal-de-denuncias\/","url":"https:\/\/www.europe-hotels.org\/portal-de-denuncias\/","name":"Portal de denuncias - Europe-Hotels","isPartOf":{"@id":"https:\/\/www.europe-hotels.org\/#website"},"datePublished":"2023-11-27T09:21:45+00:00","dateModified":"2025-12-05T13:43:59+00:00","breadcrumb":{"@id":"https:\/\/www.europe-hotels.org\/portal-de-denuncias\/#breadcrumb"},"inLanguage":"de","potentialAction":[{"@type":"ReadAction","target":["https:\/\/www.europe-hotels.org\/portal-de-denuncias\/"]}]},{"@type":"BreadcrumbList","@id":"https:\/\/www.europe-hotels.org\/portal-de-denuncias\/#breadcrumb","itemListElement":[{"@type":"ListItem","position":1,"name":"Portada","item":"https:\/\/www.europe-hotels.org\/"},{"@type":"ListItem","position":2,"name":"Portal de denuncias"}]},{"@type":"WebSite","@id":"https:\/\/www.europe-hotels.org\/#website","url":"https:\/\/www.europe-hotels.org\/","name":"Europe-Hotels","description":"Europe Hotels","publisher":{"@id":"https:\/\/www.europe-hotels.org\/#organization"},"potentialAction":[{"@type":"SearchAction","target":{"@type":"EntryPoint","urlTemplate":"https:\/\/www.europe-hotels.org\/?s={search_term_string}"},"query-input":{"@type":"PropertyValueSpecification","valueRequired":true,"valueName":"search_term_string"}}],"inLanguage":"de"},{"@type":"Organization","@id":"https:\/\/www.europe-hotels.org\/#organization","name":"Europe-Hotels","url":"https:\/\/www.europe-hotels.org\/","logo":{"@type":"ImageObject","inLanguage":"de","@id":"https:\/\/www.europe-hotels.org\/#\/schema\/logo\/image\/","url":"https:\/\/www.europe-hotels.org\/wp-content\/uploads\/2023\/11\/LOGO_EUROPE_CORPORATE-300x65-1.png","contentUrl":"https:\/\/www.europe-hotels.org\/wp-content\/uploads\/2023\/11\/LOGO_EUROPE_CORPORATE-300x65-1.png","width":300,"height":65,"caption":"Europe-Hotels"},"image":{"@id":"https:\/\/www.europe-hotels.org\/#\/schema\/logo\/image\/"}}]}},"_links":{"self":[{"href":"https:\/\/www.europe-hotels.org\/de\/wp-json\/wp\/v2\/pages\/12638","targetHints":{"allow":["GET"]}}],"collection":[{"href":"https:\/\/www.europe-hotels.org\/de\/wp-json\/wp\/v2\/pages"}],"about":[{"href":"https:\/\/www.europe-hotels.org\/de\/wp-json\/wp\/v2\/types\/page"}],"author":[{"embeddable":true,"href":"https:\/\/www.europe-hotels.org\/de\/wp-json\/wp\/v2\/users\/9"}],"replies":[{"embeddable":true,"href":"https:\/\/www.europe-hotels.org\/de\/wp-json\/wp\/v2\/comments?post=12638"}],"version-history":[{"count":9,"href":"https:\/\/www.europe-hotels.org\/de\/wp-json\/wp\/v2\/pages\/12638\/revisions"}],"predecessor-version":[{"id":44759,"href":"https:\/\/www.europe-hotels.org\/de\/wp-json\/wp\/v2\/pages\/12638\/revisions\/44759"}],"wp:attachment":[{"href":"https:\/\/www.europe-hotels.org\/de\/wp-json\/wp\/v2\/media?parent=12638"}],"curies":[{"name":"wp","href":"https:\/\/api.w.org\/{rel}","templated":true}]}}